{"id":3255,"date":"2025-04-06T22:57:59","date_gmt":"2025-04-06T20:57:59","guid":{"rendered":"https:\/\/biohof-silberberg.de\/?page_id=3255"},"modified":"2026-01-25T12:14:31","modified_gmt":"2026-01-25T11:14:31","slug":"pferde-pension","status":"publish","type":"page","link":"https:\/\/biohof-silberberg.de\/?page_id=3255","title":{"rendered":"PFERDE PENSION"},"content":{"rendered":"\n<h2 class=\"wp-block-heading has-text-align-center\"><strong><a href=\"https:\/\/biohof-silberberg.de\/wp-content\/uploads\/2025\/04\/Preisstaffelung-Pension.pdf\" data-type=\"attachment\" data-id=\"3305\">PREISE<\/a><\/strong><\/h2>\n\n\n\n<p>Du hast ein Pferd und suchst nach einer artgerechten Unterstellm\u00f6glichkeit? Wir bieten auch Pensionspferdehaltung im kleinen Rahmen an. Was hei\u00dft das?<\/p>\n\n\n\n<ul class=\"wp-block-list\">\n<li>Robusthaltung: 24\/7 Weidehaltung, wenn es von der Witterung her m\u00f6glich ist.<\/li>\n\n\n\n<li>Im Winter zus\u00e4tzliche Heuf\u00fctterung.<\/li>\n\n\n\n<li>Gro\u00dfe Weiden<\/li>\n\n\n\n<li>Offenstall am Hof<\/li>\n\n\n\n<li>kleine Ovalbahn und wetterfester Longierzirkel zum trainieren, sowie Reithallen in ca. 15 Minuten Laufentfernung (Verein, nicht im Preis inbegriffen)&nbsp;<\/li>\n\n\n\n<li>Vollpension (im Stall 2x t\u00e4glich misten und f\u00fcttern, auf der Koppel wenn n\u00f6tig zuf\u00fcttern)<\/li>\n\n\n\n<li>T\u00e4gliche Kontrolle der Koppel, des Wassers und der Gesundheit der Tiere.<\/li>\n<\/ul>\n\n\n\n<p>Da unser Hofgel\u00e4nde im Dorf liegt, sind die Koppeln alle zwischen 8-15 Gehminuten entfernt. <\/p>\n\n\n\n<figure class=\"wp-block-gallery has-nested-images columns-default is-cropped wp-block-gallery-1 is-layout-flex wp-block-gallery-is-layout-flex\">\n<figure class=\"wp-block-image\"><img loading=\"lazy\" decoding=\"async\" width=\"2560\" height=\"1707\" data-id=\"3177\" src=\"https:\/\/biohof-silberberg.de\/wp-content\/uploads\/2025\/04\/Pferdestall-DSC00130-scaled.jpg\" alt=\"\" class=\"wp-image-3177\" srcset=\"https:\/\/biohof-silberberg.de\/wp-content\/uploads\/2025\/04\/Pferdestall-DSC00130-scaled.jpg 2560w, https:\/\/biohof-silberberg.de\/wp-content\/uploads\/2025\/04\/Pferdestall-DSC00130-300x200.jpg 300w, https:\/\/biohof-silberberg.de\/wp-content\/uploads\/2025\/04\/Pferdestall-DSC00130-1024x683.jpg 1024w, https:\/\/biohof-silberberg.de\/wp-content\/uploads\/2025\/04\/Pferdestall-DSC00130-768x512.jpg 768w, https:\/\/biohof-silberberg.de\/wp-content\/uploads\/2025\/04\/Pferdestall-DSC00130-1536x1024.jpg 1536w, https:\/\/biohof-silberberg.de\/wp-content\/uploads\/2025\/04\/Pferdestall-DSC00130-2048x1365.jpg 2048w, https:\/\/biohof-silberberg.de\/wp-content\/uploads\/2025\/04\/Pferdestall-DSC00130-1140x760.jpg 1140w\" sizes=\"auto, (max-width: 2560px) 100vw, 2560px\" \/><figcaption class=\"wp-element-caption\">Stall<\/figcaption><\/figure>\n\n\n\n<figure class=\"wp-block-image\"><img loading=\"lazy\" decoding=\"async\" width=\"2560\" height=\"1707\" data-id=\"3176\" src=\"https:\/\/biohof-silberberg.de\/wp-content\/uploads\/2025\/04\/Pferdestall-DSC00129-scaled.jpg\" alt=\"\" class=\"wp-image-3176\" srcset=\"https:\/\/biohof-silberberg.de\/wp-content\/uploads\/2025\/04\/Pferdestall-DSC00129-scaled.jpg 2560w, https:\/\/biohof-silberberg.de\/wp-content\/uploads\/2025\/04\/Pferdestall-DSC00129-300x200.jpg 300w, https:\/\/biohof-silberberg.de\/wp-content\/uploads\/2025\/04\/Pferdestall-DSC00129-1024x683.jpg 1024w, https:\/\/biohof-silberberg.de\/wp-content\/uploads\/2025\/04\/Pferdestall-DSC00129-768x512.jpg 768w, https:\/\/biohof-silberberg.de\/wp-content\/uploads\/2025\/04\/Pferdestall-DSC00129-1536x1024.jpg 1536w, https:\/\/biohof-silberberg.de\/wp-content\/uploads\/2025\/04\/Pferdestall-DSC00129-2048x1365.jpg 2048w, https:\/\/biohof-silberberg.de\/wp-content\/uploads\/2025\/04\/Pferdestall-DSC00129-1140x760.jpg 1140w\" sizes=\"auto, (max-width: 2560px) 100vw, 2560px\" \/><figcaption class=\"wp-element-caption\">Futterraufe<\/figcaption><\/figure>\n\n\n\n<figure class=\"wp-block-image\"><img loading=\"lazy\" decoding=\"async\" width=\"2560\" height=\"1707\" data-id=\"3172\" src=\"https:\/\/biohof-silberberg.de\/wp-content\/uploads\/2025\/04\/Pferdestall-DSC00122-scaled.jpg\" alt=\"\" class=\"wp-image-3172\" srcset=\"https:\/\/biohof-silberberg.de\/wp-content\/uploads\/2025\/04\/Pferdestall-DSC00122-scaled.jpg 2560w, https:\/\/biohof-silberberg.de\/wp-content\/uploads\/2025\/04\/Pferdestall-DSC00122-300x200.jpg 300w, https:\/\/biohof-silberberg.de\/wp-content\/uploads\/2025\/04\/Pferdestall-DSC00122-1024x683.jpg 1024w, https:\/\/biohof-silberberg.de\/wp-content\/uploads\/2025\/04\/Pferdestall-DSC00122-768x512.jpg 768w, https:\/\/biohof-silberberg.de\/wp-content\/uploads\/2025\/04\/Pferdestall-DSC00122-1536x1024.jpg 1536w, https:\/\/biohof-silberberg.de\/wp-content\/uploads\/2025\/04\/Pferdestall-DSC00122-2048x1365.jpg 2048w, https:\/\/biohof-silberberg.de\/wp-content\/uploads\/2025\/04\/Pferdestall-DSC00122-1140x760.jpg 1140w\" sizes=\"auto, (max-width: 2560px) 100vw, 2560px\" \/><figcaption class=\"wp-element-caption\">hinterer Stallauslauf<\/figcaption><\/figure>\n\n\n\n<figure class=\"wp-block-image\"><img loading=\"lazy\" decoding=\"async\" width=\"2560\" height=\"1920\" data-id=\"3110\" src=\"https:\/\/biohof-silberberg.de\/wp-content\/uploads\/2025\/04\/Pferde-20240823_173400-scaled.jpg\" alt=\"\" class=\"wp-image-3110\" srcset=\"https:\/\/biohof-silberberg.de\/wp-content\/uploads\/2025\/04\/Pferde-20240823_173400-scaled.jpg 2560w, https:\/\/biohof-silberberg.de\/wp-content\/uploads\/2025\/04\/Pferde-20240823_173400-300x225.jpg 300w, https:\/\/biohof-silberberg.de\/wp-content\/uploads\/2025\/04\/Pferde-20240823_173400-1024x768.jpg 1024w, https:\/\/biohof-silberberg.de\/wp-content\/uploads\/2025\/04\/Pferde-20240823_173400-768x576.jpg 768w, https:\/\/biohof-silberberg.de\/wp-content\/uploads\/2025\/04\/Pferde-20240823_173400-1536x1152.jpg 1536w, https:\/\/biohof-silberberg.de\/wp-content\/uploads\/2025\/04\/Pferde-20240823_173400-2048x1536.jpg 2048w, https:\/\/biohof-silberberg.de\/wp-content\/uploads\/2025\/04\/Pferde-20240823_173400-1140x855.jpg 1140w\" sizes=\"auto, (max-width: 2560px) 100vw, 2560px\" \/><figcaption class=\"wp-element-caption\">Tal Weide<\/figcaption><\/figure>\n\n\n\n<figure class=\"wp-block-image\"><img loading=\"lazy\" decoding=\"async\" width=\"2560\" height=\"1440\" data-id=\"3062\" src=\"https:\/\/biohof-silberberg.de\/wp-content\/uploads\/2025\/04\/Pferde-20240509_060101-scaled.jpg\" alt=\"\" class=\"wp-image-3062\" srcset=\"https:\/\/biohof-silberberg.de\/wp-content\/uploads\/2025\/04\/Pferde-20240509_060101-scaled.jpg 2560w, https:\/\/biohof-silberberg.de\/wp-content\/uploads\/2025\/04\/Pferde-20240509_060101-300x169.jpg 300w, https:\/\/biohof-silberberg.de\/wp-content\/uploads\/2025\/04\/Pferde-20240509_060101-1024x576.jpg 1024w, https:\/\/biohof-silberberg.de\/wp-content\/uploads\/2025\/04\/Pferde-20240509_060101-768x432.jpg 768w, https:\/\/biohof-silberberg.de\/wp-content\/uploads\/2025\/04\/Pferde-20240509_060101-1536x864.jpg 1536w, https:\/\/biohof-silberberg.de\/wp-content\/uploads\/2025\/04\/Pferde-20240509_060101-2048x1152.jpg 2048w, https:\/\/biohof-silberberg.de\/wp-content\/uploads\/2025\/04\/Pferde-20240509_060101-1140x641.jpg 1140w\" sizes=\"auto, (max-width: 2560px) 100vw, 2560px\" \/><figcaption class=\"wp-element-caption\">Weide<\/figcaption><\/figure>\n\n\n\n<figure class=\"wp-block-image\"><img loading=\"lazy\" decoding=\"async\" width=\"2560\" height=\"1920\" data-id=\"3039\" src=\"https:\/\/biohof-silberberg.de\/wp-content\/uploads\/2025\/04\/Pferde-20240119_101806-scaled.jpg\" alt=\"\" class=\"wp-image-3039\" srcset=\"https:\/\/biohof-silberberg.de\/wp-content\/uploads\/2025\/04\/Pferde-20240119_101806-scaled.jpg 2560w, https:\/\/biohof-silberberg.de\/wp-content\/uploads\/2025\/04\/Pferde-20240119_101806-300x225.jpg 300w, https:\/\/biohof-silberberg.de\/wp-content\/uploads\/2025\/04\/Pferde-20240119_101806-1024x768.jpg 1024w, https:\/\/biohof-silberberg.de\/wp-content\/uploads\/2025\/04\/Pferde-20240119_101806-768x576.jpg 768w, https:\/\/biohof-silberberg.de\/wp-content\/uploads\/2025\/04\/Pferde-20240119_101806-1536x1152.jpg 1536w, https:\/\/biohof-silberberg.de\/wp-content\/uploads\/2025\/04\/Pferde-20240119_101806-2048x1536.jpg 2048w, https:\/\/biohof-silberberg.de\/wp-content\/uploads\/2025\/04\/Pferde-20240119_101806-1140x855.jpg 1140w\" sizes=\"auto, (max-width: 2560px) 100vw, 2560px\" \/><figcaption class=\"wp-element-caption\">Ovalbahn<\/figcaption><\/figure>\n\n\n\n<figure class=\"wp-block-image\"><img loading=\"lazy\" decoding=\"async\" width=\"2560\" height=\"1707\" data-id=\"2811\" src=\"https:\/\/biohof-silberberg.de\/wp-content\/uploads\/2025\/02\/DSC00090-scaled.jpg\" alt=\"\" class=\"wp-image-2811\" srcset=\"https:\/\/biohof-silberberg.de\/wp-content\/uploads\/2025\/02\/DSC00090-scaled.jpg 2560w, https:\/\/biohof-silberberg.de\/wp-content\/uploads\/2025\/02\/DSC00090-300x200.jpg 300w, https:\/\/biohof-silberberg.de\/wp-content\/uploads\/2025\/02\/DSC00090-1024x683.jpg 1024w, https:\/\/biohof-silberberg.de\/wp-content\/uploads\/2025\/02\/DSC00090-768x512.jpg 768w, https:\/\/biohof-silberberg.de\/wp-content\/uploads\/2025\/02\/DSC00090-1536x1024.jpg 1536w, https:\/\/biohof-silberberg.de\/wp-content\/uploads\/2025\/02\/DSC00090-2048x1365.jpg 2048w, https:\/\/biohof-silberberg.de\/wp-content\/uploads\/2025\/02\/DSC00090-1140x760.jpg 1140w\" sizes=\"auto, (max-width: 2560px) 100vw, 2560px\" \/><figcaption class=\"wp-element-caption\">Longierzirkel<\/figcaption><\/figure>\n\n\n\n<figure class=\"wp-block-image\"><img loading=\"lazy\" decoding=\"async\" width=\"2560\" height=\"1707\" data-id=\"2814\" src=\"https:\/\/biohof-silberberg.de\/wp-content\/uploads\/2025\/02\/DSC00093-scaled.jpg\" alt=\"\" class=\"wp-image-2814\" srcset=\"https:\/\/biohof-silberberg.de\/wp-content\/uploads\/2025\/02\/DSC00093-scaled.jpg 2560w, https:\/\/biohof-silberberg.de\/wp-content\/uploads\/2025\/02\/DSC00093-300x200.jpg 300w, https:\/\/biohof-silberberg.de\/wp-content\/uploads\/2025\/02\/DSC00093-1024x683.jpg 1024w, https:\/\/biohof-silberberg.de\/wp-content\/uploads\/2025\/02\/DSC00093-768x512.jpg 768w, https:\/\/biohof-silberberg.de\/wp-content\/uploads\/2025\/02\/DSC00093-1536x1024.jpg 1536w, https:\/\/biohof-silberberg.de\/wp-content\/uploads\/2025\/02\/DSC00093-2048x1365.jpg 2048w, https:\/\/biohof-silberberg.de\/wp-content\/uploads\/2025\/02\/DSC00093-1140x760.jpg 1140w\" sizes=\"auto, (max-width: 2560px) 100vw, 2560px\" \/><figcaption class=\"wp-element-caption\">Ovalbahn<\/figcaption><\/figure>\n\n\n\n<figure class=\"wp-block-image\"><img loading=\"lazy\" decoding=\"async\" width=\"2560\" height=\"1707\" data-id=\"2812\" src=\"https:\/\/biohof-silberberg.de\/wp-content\/uploads\/2025\/02\/DSC00091-scaled.jpg\" alt=\"\" class=\"wp-image-2812\" srcset=\"https:\/\/biohof-silberberg.de\/wp-content\/uploads\/2025\/02\/DSC00091-scaled.jpg 2560w, https:\/\/biohof-silberberg.de\/wp-content\/uploads\/2025\/02\/DSC00091-300x200.jpg 300w, https:\/\/biohof-silberberg.de\/wp-content\/uploads\/2025\/02\/DSC00091-1024x683.jpg 1024w, https:\/\/biohof-silberberg.de\/wp-content\/uploads\/2025\/02\/DSC00091-768x512.jpg 768w, https:\/\/biohof-silberberg.de\/wp-content\/uploads\/2025\/02\/DSC00091-1536x1024.jpg 1536w, https:\/\/biohof-silberberg.de\/wp-content\/uploads\/2025\/02\/DSC00091-2048x1365.jpg 2048w, https:\/\/biohof-silberberg.de\/wp-content\/uploads\/2025\/02\/DSC00091-1140x760.jpg 1140w\" sizes=\"auto, (max-width: 2560px) 100vw, 2560px\" \/><figcaption class=\"wp-element-caption\">Longierzirkel<\/figcaption><\/figure>\n\n\n\n<figure class=\"wp-block-image\"><img loading=\"lazy\" decoding=\"async\" width=\"1920\" height=\"2560\" data-id=\"2804\" src=\"https:\/\/biohof-silberberg.de\/wp-content\/uploads\/2025\/02\/20241231_082805-scaled.jpg\" alt=\"\" class=\"wp-image-2804\" srcset=\"https:\/\/biohof-silberberg.de\/wp-content\/uploads\/2025\/02\/20241231_082805-scaled.jpg 1920w, https:\/\/biohof-silberberg.de\/wp-content\/uploads\/2025\/02\/20241231_082805-225x300.jpg 225w, https:\/\/biohof-silberberg.de\/wp-content\/uploads\/2025\/02\/20241231_082805-768x1024.jpg 768w, https:\/\/biohof-silberberg.de\/wp-content\/uploads\/2025\/02\/20241231_082805-1152x1536.jpg 1152w, https:\/\/biohof-silberberg.de\/wp-content\/uploads\/2025\/02\/20241231_082805-1536x2048.jpg 1536w, https:\/\/biohof-silberberg.de\/wp-content\/uploads\/2025\/02\/20241231_082805-1140x1520.jpg 1140w\" sizes=\"auto, (max-width: 1920px) 100vw, 1920px\" \/><figcaption class=\"wp-element-caption\">Paddock<\/figcaption><\/figure>\n\n\n\n<figure class=\"wp-block-image\"><img loading=\"lazy\" decoding=\"async\" width=\"2560\" height=\"1211\" data-id=\"2796\" src=\"https:\/\/biohof-silberberg.de\/wp-content\/uploads\/2025\/02\/20240411_135321-scaled.jpg\" alt=\"\" class=\"wp-image-2796\" srcset=\"https:\/\/biohof-silberberg.de\/wp-content\/uploads\/2025\/02\/20240411_135321-scaled.jpg 2560w, https:\/\/biohof-silberberg.de\/wp-content\/uploads\/2025\/02\/20240411_135321-300x142.jpg 300w, https:\/\/biohof-silberberg.de\/wp-content\/uploads\/2025\/02\/20240411_135321-1024x485.jpg 1024w, https:\/\/biohof-silberberg.de\/wp-content\/uploads\/2025\/02\/20240411_135321-768x363.jpg 768w, https:\/\/biohof-silberberg.de\/wp-content\/uploads\/2025\/02\/20240411_135321-1536x727.jpg 1536w, https:\/\/biohof-silberberg.de\/wp-content\/uploads\/2025\/02\/20240411_135321-2048x969.jpg 2048w, https:\/\/biohof-silberberg.de\/wp-content\/uploads\/2025\/02\/20240411_135321-1140x539.jpg 1140w\" sizes=\"auto, (max-width: 2560px) 100vw, 2560px\" \/><figcaption class=\"wp-element-caption\">Paddock<\/figcaption><\/figure>\n<\/figure>\n\n\n\n<p><\/p>\n","protected":false},"excerpt":{"rendered":"<p>PREISE Du hast ein Pferd und suchst nach einer artgerechten Unterstellm\u00f6glichkeit? Wir bieten auch Pensionspferdehaltung im kleinen Rahmen an. Was hei\u00dft das? Da unser Hofgel\u00e4nde im Dorf liegt, sind die Koppeln alle zwischen 8-15 Gehminuten entfernt.<\/p>\n","protected":false},"author":1,"featured_media":0,"parent":0,"menu_order":0,"comment_status":"closed","ping_status":"closed","template":"","meta":{"footnotes":""},"class_list":["post-3255","page","type-page","status-publish","hentry"],"_links":{"self":[{"href":"https:\/\/biohof-silberberg.de\/index.php?rest_route=\/wp\/v2\/pages\/3255","targetHints":{"allow":["GET"]}}],"collection":[{"href":"https:\/\/biohof-silberberg.de\/index.php?rest_route=\/wp\/v2\/pages"}],"about":[{"href":"https:\/\/biohof-silberberg.de\/index.php?rest_route=\/wp\/v2\/types\/page"}],"author":[{"embeddable":true,"href":"https:\/\/biohof-silberberg.de\/index.php?rest_route=\/wp\/v2\/users\/1"}],"replies":[{"embeddable":true,"href":"https:\/\/biohof-silberberg.de\/index.php?rest_route=%2Fwp%2Fv2%2Fcomments&post=3255"}],"version-history":[{"count":6,"href":"https:\/\/biohof-silberberg.de\/index.php?rest_route=\/wp\/v2\/pages\/3255\/revisions"}],"predecessor-version":[{"id":3513,"href":"https:\/\/biohof-silberberg.de\/index.php?rest_route=\/wp\/v2\/pages\/3255\/revisions\/3513"}],"wp:attachment":[{"href":"https:\/\/biohof-silberberg.de\/index.php?rest_route=%2Fwp%2Fv2%2Fmedia&parent=3255"}],"curies":[{"name":"wp","href":"https:\/\/api.w.org\/{rel}","templated":true}]}}