{"id":932,"date":"2025-04-06T21:54:17","date_gmt":"2025-04-06T19:54:17","guid":{"rendered":"https:\/\/biohof-silberberg.de\/?page_id=932"},"modified":"2026-01-25T12:45:14","modified_gmt":"2026-01-25T11:45:14","slug":"bauernhof-erlebnistag-fuer-kinder","status":"publish","type":"page","link":"https:\/\/biohof-silberberg.de\/?page_id=932","title":{"rendered":"BAUERNHOF ERLEBNISTAG F\u00dcR KINDER"},"content":{"rendered":"\n<p class=\"has-text-align-center\"><strong>Hallo Bauernhofentdecker!<\/strong><\/p>\n\n\n\n<p>Du bist zwischen 5 und 12 Jahren alt und w\u00fcrdest mal gerne einen Tag auf einem Bauernhof verbringen? Mit uns den Pferdestall misten, den K\u00fchen Heu bringen, bei den H\u00fchnern K\u00f6rner streuen, und Eier absammeln, in den Strohberg h\u00fcpfen, im Sommer in unserem Badeteich schwimmen, mit den Zwergziegen spazieren gehen, in Spielen ganz viel \u00fcber Bauernh\u00f6fe erfahren und noch vieles mehr? Dann komm doch zu einem unserer Erlebnistage zu uns auf den Bauernhof und erlebe mit uns einen spannenden Tag voller Abwechslung ganz nah mit und in der Natur.<\/p>\n\n\n\n<h2 class=\"wp-block-heading has-text-align-center\"><a href=\"https:\/\/nx65864.your-storageshare.de\/apps\/forms\/s\/SHxRRzxQq8g5a8EexwZwbHLt\">Hier geht es zum Anmeldeformular<\/a><\/h2>\n\n\n\n<div class=\"wp-block-columns is-layout-flex wp-container-core-columns-is-layout-28f84493 wp-block-columns-is-layout-flex\">\n<div class=\"wp-block-column is-layout-flow wp-block-column-is-layout-flow\">\n<figure class=\"wp-block-image size-large\"><img loading=\"lazy\" decoding=\"async\" width=\"1024\" height=\"768\" src=\"https:\/\/biohof-silberberg.de\/wp-content\/uploads\/2025\/02\/Bauernhoftag-IMG_8132-1024x768.jpg\" alt=\"\" class=\"wp-image-2486\" style=\"aspect-ratio:1;object-fit:cover\" srcset=\"https:\/\/biohof-silberberg.de\/wp-content\/uploads\/2025\/02\/Bauernhoftag-IMG_8132-1024x768.jpg 1024w, https:\/\/biohof-silberberg.de\/wp-content\/uploads\/2025\/02\/Bauernhoftag-IMG_8132-300x225.jpg 300w, https:\/\/biohof-silberberg.de\/wp-content\/uploads\/2025\/02\/Bauernhoftag-IMG_8132-768x576.jpg 768w, https:\/\/biohof-silberberg.de\/wp-content\/uploads\/2025\/02\/Bauernhoftag-IMG_8132-1536x1152.jpg 1536w, https:\/\/biohof-silberberg.de\/wp-content\/uploads\/2025\/02\/Bauernhoftag-IMG_8132-2048x1536.jpg 2048w, https:\/\/biohof-silberberg.de\/wp-content\/uploads\/2025\/02\/Bauernhoftag-IMG_8132-1140x855.jpg 1140w\" sizes=\"auto, (max-width: 1024px) 100vw, 1024px\" \/><\/figure>\n<\/div>\n\n\n\n<div class=\"wp-block-column is-layout-flow wp-block-column-is-layout-flow\">\n<figure class=\"wp-block-image size-large\"><img loading=\"lazy\" decoding=\"async\" width=\"1024\" height=\"768\" src=\"https:\/\/biohof-silberberg.de\/wp-content\/uploads\/2025\/02\/Bauernhoftag-20240629_132757-1024x768.jpg\" alt=\"Mittagessen\" class=\"wp-image-2458\" style=\"aspect-ratio:1;object-fit:cover\" srcset=\"https:\/\/biohof-silberberg.de\/wp-content\/uploads\/2025\/02\/Bauernhoftag-20240629_132757-1024x768.jpg 1024w, https:\/\/biohof-silberberg.de\/wp-content\/uploads\/2025\/02\/Bauernhoftag-20240629_132757-300x225.jpg 300w, https:\/\/biohof-silberberg.de\/wp-content\/uploads\/2025\/02\/Bauernhoftag-20240629_132757-768x576.jpg 768w, https:\/\/biohof-silberberg.de\/wp-content\/uploads\/2025\/02\/Bauernhoftag-20240629_132757-1536x1152.jpg 1536w, https:\/\/biohof-silberberg.de\/wp-content\/uploads\/2025\/02\/Bauernhoftag-20240629_132757-2048x1536.jpg 2048w, https:\/\/biohof-silberberg.de\/wp-content\/uploads\/2025\/02\/Bauernhoftag-20240629_132757-1140x855.jpg 1140w\" sizes=\"auto, (max-width: 1024px) 100vw, 1024px\" \/><\/figure>\n<\/div>\n\n\n\n<div class=\"wp-block-column is-layout-flow wp-block-column-is-layout-flow\">\n<figure class=\"wp-block-image size-large\"><img loading=\"lazy\" decoding=\"async\" width=\"1024\" height=\"768\" src=\"https:\/\/biohof-silberberg.de\/wp-content\/uploads\/2025\/02\/Bauernhoftag-20230223_100409-1024x768.jpg\" alt=\"\" class=\"wp-image-2411\" style=\"aspect-ratio:1;object-fit:cover\" srcset=\"https:\/\/biohof-silberberg.de\/wp-content\/uploads\/2025\/02\/Bauernhoftag-20230223_100409-1024x768.jpg 1024w, https:\/\/biohof-silberberg.de\/wp-content\/uploads\/2025\/02\/Bauernhoftag-20230223_100409-300x225.jpg 300w, https:\/\/biohof-silberberg.de\/wp-content\/uploads\/2025\/02\/Bauernhoftag-20230223_100409-768x576.jpg 768w, https:\/\/biohof-silberberg.de\/wp-content\/uploads\/2025\/02\/Bauernhoftag-20230223_100409-1536x1152.jpg 1536w, https:\/\/biohof-silberberg.de\/wp-content\/uploads\/2025\/02\/Bauernhoftag-20230223_100409-2048x1536.jpg 2048w, https:\/\/biohof-silberberg.de\/wp-content\/uploads\/2025\/02\/Bauernhoftag-20230223_100409-1140x855.jpg 1140w\" sizes=\"auto, (max-width: 1024px) 100vw, 1024px\" \/><\/figure>\n<\/div>\n<\/div>\n\n\n\n<div class=\"wp-block-columns is-layout-flex wp-container-core-columns-is-layout-28f84493 wp-block-columns-is-layout-flex\">\n<div class=\"wp-block-column is-layout-flow wp-block-column-is-layout-flow\">\n<h3 class=\"wp-block-heading has-text-align-center\">TERMINE 2026<\/h3>\n\n\n\n<ul class=\"wp-block-list\">\n<li>Samstag, 14. M\u00e4rz 2026<\/li>\n\n\n\n<li>Samstag, 2. Mai 2026<\/li>\n\n\n\n<li>Samstag, 27. Juni 2026<\/li>\n\n\n\n<li>Samstag, 25. Juli 2026<\/li>\n\n\n\n<li>Samstag, 26. September 2026<\/li>\n\n\n\n<li>Samstag, 29. Oktober 2026<\/li>\n<\/ul>\n<\/div>\n\n\n\n<div class=\"wp-block-column is-layout-flow wp-block-column-is-layout-flow\">\n<h3 class=\"wp-block-heading has-text-align-center\">KOSTEN<\/h3>\n\n\n\n<p class=\"has-text-align-center\">39\u20ac pro Kind, plus 10\u20ac BIO-Mittagessen<\/p>\n\n\n\n<h3 class=\"wp-block-heading has-text-align-center\"><a href=\"https:\/\/nx65864.your-storageshare.de\/apps\/forms\/s\/SHxRRzxQq8g5a8EexwZwbHLt\">Anmeldeformular<\/a><\/h3>\n<\/div>\n<\/div>\n\n\n\n<h2 class=\"wp-block-heading\">Hier noch ein paar Eindr\u00fccke von fr\u00fcheren Bauernhoftagen<\/h2>\n\n\n\n<figure class=\"wp-block-gallery has-nested-images columns-4 is-cropped wp-block-gallery-1 is-layout-flex wp-block-gallery-is-layout-flex\">\n<figure class=\"wp-block-image size-large\"><img loading=\"lazy\" decoding=\"async\" width=\"768\" height=\"1024\" data-id=\"2470\" src=\"https:\/\/biohof-silberberg.de\/wp-content\/uploads\/2025\/02\/Bauernhoftag-Bauernhoftag-Heu-768x1024.jpeg\" alt=\"\" class=\"wp-image-2470\" srcset=\"https:\/\/biohof-silberberg.de\/wp-content\/uploads\/2025\/02\/Bauernhoftag-Bauernhoftag-Heu-768x1024.jpeg 768w, https:\/\/biohof-silberberg.de\/wp-content\/uploads\/2025\/02\/Bauernhoftag-Bauernhoftag-Heu-225x300.jpeg 225w, https:\/\/biohof-silberberg.de\/wp-content\/uploads\/2025\/02\/Bauernhoftag-Bauernhoftag-Heu-1152x1536.jpeg 1152w, https:\/\/biohof-silberberg.de\/wp-content\/uploads\/2025\/02\/Bauernhoftag-Bauernhoftag-Heu-1536x2048.jpeg 1536w, https:\/\/biohof-silberberg.de\/wp-content\/uploads\/2025\/02\/Bauernhoftag-Bauernhoftag-Heu-1140x1520.jpeg 1140w, https:\/\/biohof-silberberg.de\/wp-content\/uploads\/2025\/02\/Bauernhoftag-Bauernhoftag-Heu-scaled.jpeg 1920w\" sizes=\"auto, (max-width: 768px) 100vw, 768px\" \/><figcaption class=\"wp-element-caption\">Heubereitung <\/figcaption><\/figure>\n\n\n\n<figure class=\"wp-block-image size-large\"><img loading=\"lazy\" decoding=\"async\" width=\"1024\" height=\"576\" data-id=\"2464\" src=\"https:\/\/biohof-silberberg.de\/wp-content\/uploads\/2025\/02\/Bauernhoftag-Bauernhoftag-1024x576.jpg\" alt=\"\" class=\"wp-image-2464\" srcset=\"https:\/\/biohof-silberberg.de\/wp-content\/uploads\/2025\/02\/Bauernhoftag-Bauernhoftag-1024x576.jpg 1024w, https:\/\/biohof-silberberg.de\/wp-content\/uploads\/2025\/02\/Bauernhoftag-Bauernhoftag-300x169.jpg 300w, https:\/\/biohof-silberberg.de\/wp-content\/uploads\/2025\/02\/Bauernhoftag-Bauernhoftag-768x432.jpg 768w, https:\/\/biohof-silberberg.de\/wp-content\/uploads\/2025\/02\/Bauernhoftag-Bauernhoftag-1536x864.jpg 1536w, https:\/\/biohof-silberberg.de\/wp-content\/uploads\/2025\/02\/Bauernhoftag-Bauernhoftag-2048x1152.jpg 2048w, https:\/\/biohof-silberberg.de\/wp-content\/uploads\/2025\/02\/Bauernhoftag-Bauernhoftag-1140x641.jpg 1140w\" sizes=\"auto, (max-width: 1024px) 100vw, 1024px\" \/><figcaption class=\"wp-element-caption\">Eier sammeln<\/figcaption><\/figure>\n\n\n\n<figure class=\"wp-block-image size-large\"><img loading=\"lazy\" decoding=\"async\" width=\"768\" height=\"1024\" data-id=\"2463\" src=\"https:\/\/biohof-silberberg.de\/wp-content\/uploads\/2025\/02\/Bauernhoftag-20240906_072637-768x1024.jpg\" alt=\"\" class=\"wp-image-2463\" srcset=\"https:\/\/biohof-silberberg.de\/wp-content\/uploads\/2025\/02\/Bauernhoftag-20240906_072637-768x1024.jpg 768w, https:\/\/biohof-silberberg.de\/wp-content\/uploads\/2025\/02\/Bauernhoftag-20240906_072637-225x300.jpg 225w, https:\/\/biohof-silberberg.de\/wp-content\/uploads\/2025\/02\/Bauernhoftag-20240906_072637-1152x1536.jpg 1152w, https:\/\/biohof-silberberg.de\/wp-content\/uploads\/2025\/02\/Bauernhoftag-20240906_072637-1536x2048.jpg 1536w, https:\/\/biohof-silberberg.de\/wp-content\/uploads\/2025\/02\/Bauernhoftag-20240906_072637-1140x1520.jpg 1140w, https:\/\/biohof-silberberg.de\/wp-content\/uploads\/2025\/02\/Bauernhoftag-20240906_072637-scaled.jpg 1920w\" sizes=\"auto, (max-width: 768px) 100vw, 768px\" \/><figcaption class=\"wp-element-caption\">Tomaten Samen gewinnen<\/figcaption><\/figure>\n\n\n\n<figure class=\"wp-block-image size-large\"><img loading=\"lazy\" decoding=\"async\" width=\"1024\" height=\"768\" data-id=\"2449\" src=\"https:\/\/biohof-silberberg.de\/wp-content\/uploads\/2025\/02\/Bauernhoftag-20240629_1121110-1024x768.jpg\" alt=\"\" class=\"wp-image-2449\" srcset=\"https:\/\/biohof-silberberg.de\/wp-content\/uploads\/2025\/02\/Bauernhoftag-20240629_1121110-1024x768.jpg 1024w, https:\/\/biohof-silberberg.de\/wp-content\/uploads\/2025\/02\/Bauernhoftag-20240629_1121110-300x225.jpg 300w, https:\/\/biohof-silberberg.de\/wp-content\/uploads\/2025\/02\/Bauernhoftag-20240629_1121110-768x576.jpg 768w, https:\/\/biohof-silberberg.de\/wp-content\/uploads\/2025\/02\/Bauernhoftag-20240629_1121110-1536x1152.jpg 1536w, https:\/\/biohof-silberberg.de\/wp-content\/uploads\/2025\/02\/Bauernhoftag-20240629_1121110-2048x1536.jpg 2048w, https:\/\/biohof-silberberg.de\/wp-content\/uploads\/2025\/02\/Bauernhoftag-20240629_1121110-1140x855.jpg 1140w\" sizes=\"auto, (max-width: 1024px) 100vw, 1024px\" \/><figcaption class=\"wp-element-caption\">auf dem Weg zu den H\u00fchnern<\/figcaption><\/figure>\n\n\n\n<figure class=\"wp-block-image size-large\"><img loading=\"lazy\" decoding=\"async\" width=\"768\" height=\"1024\" data-id=\"2433\" src=\"https:\/\/biohof-silberberg.de\/wp-content\/uploads\/2025\/02\/Bauernhoftag-20240413_112055-768x1024.jpg\" alt=\"\" class=\"wp-image-2433\" srcset=\"https:\/\/biohof-silberberg.de\/wp-content\/uploads\/2025\/02\/Bauernhoftag-20240413_112055-768x1024.jpg 768w, https:\/\/biohof-silberberg.de\/wp-content\/uploads\/2025\/02\/Bauernhoftag-20240413_112055-225x300.jpg 225w, https:\/\/biohof-silberberg.de\/wp-content\/uploads\/2025\/02\/Bauernhoftag-20240413_112055-1152x1536.jpg 1152w, https:\/\/biohof-silberberg.de\/wp-content\/uploads\/2025\/02\/Bauernhoftag-20240413_112055-1536x2048.jpg 1536w, https:\/\/biohof-silberberg.de\/wp-content\/uploads\/2025\/02\/Bauernhoftag-20240413_112055-1140x1520.jpg 1140w, https:\/\/biohof-silberberg.de\/wp-content\/uploads\/2025\/02\/Bauernhoftag-20240413_112055-scaled.jpg 1920w\" sizes=\"auto, (max-width: 768px) 100vw, 768px\" \/><figcaption class=\"wp-element-caption\">Stroh h\u00fcpfen<\/figcaption><\/figure>\n\n\n\n<figure class=\"wp-block-image size-large\"><img loading=\"lazy\" decoding=\"async\" width=\"1024\" height=\"768\" data-id=\"2415\" src=\"https:\/\/biohof-silberberg.de\/wp-content\/uploads\/2025\/02\/Bauernhoftag-20230223_112523-1024x768.jpg\" alt=\"\" class=\"wp-image-2415\" srcset=\"https:\/\/biohof-silberberg.de\/wp-content\/uploads\/2025\/02\/Bauernhoftag-20230223_112523-1024x768.jpg 1024w, https:\/\/biohof-silberberg.de\/wp-content\/uploads\/2025\/02\/Bauernhoftag-20230223_112523-300x225.jpg 300w, https:\/\/biohof-silberberg.de\/wp-content\/uploads\/2025\/02\/Bauernhoftag-20230223_112523-768x576.jpg 768w, https:\/\/biohof-silberberg.de\/wp-content\/uploads\/2025\/02\/Bauernhoftag-20230223_112523-1536x1152.jpg 1536w, https:\/\/biohof-silberberg.de\/wp-content\/uploads\/2025\/02\/Bauernhoftag-20230223_112523-2048x1536.jpg 2048w, https:\/\/biohof-silberberg.de\/wp-content\/uploads\/2025\/02\/Bauernhoftag-20230223_112523-1140x855.jpg 1140w\" sizes=\"auto, (max-width: 1024px) 100vw, 1024px\" \/><figcaption class=\"wp-element-caption\">K\u00fcken kuscheln<\/figcaption><\/figure>\n\n\n\n<figure class=\"wp-block-image size-large\"><img loading=\"lazy\" decoding=\"async\" width=\"1024\" height=\"768\" data-id=\"2473\" src=\"https:\/\/biohof-silberberg.de\/wp-content\/uploads\/2025\/02\/Bauernhoftag-Bauernhoftag-Ziegenwanderung-1024x768.jpeg\" alt=\"\" class=\"wp-image-2473\" srcset=\"https:\/\/biohof-silberberg.de\/wp-content\/uploads\/2025\/02\/Bauernhoftag-Bauernhoftag-Ziegenwanderung-1024x768.jpeg 1024w, https:\/\/biohof-silberberg.de\/wp-content\/uploads\/2025\/02\/Bauernhoftag-Bauernhoftag-Ziegenwanderung-300x225.jpeg 300w, https:\/\/biohof-silberberg.de\/wp-content\/uploads\/2025\/02\/Bauernhoftag-Bauernhoftag-Ziegenwanderung-768x576.jpeg 768w, https:\/\/biohof-silberberg.de\/wp-content\/uploads\/2025\/02\/Bauernhoftag-Bauernhoftag-Ziegenwanderung-1536x1152.jpeg 1536w, https:\/\/biohof-silberberg.de\/wp-content\/uploads\/2025\/02\/Bauernhoftag-Bauernhoftag-Ziegenwanderung-2048x1536.jpeg 2048w, https:\/\/biohof-silberberg.de\/wp-content\/uploads\/2025\/02\/Bauernhoftag-Bauernhoftag-Ziegenwanderung-1140x855.jpeg 1140w\" sizes=\"auto, (max-width: 1024px) 100vw, 1024px\" \/><figcaption class=\"wp-element-caption\">Ziegen Spaziergang<\/figcaption><\/figure>\n<\/figure>\n","protected":false},"excerpt":{"rendered":"<p>Hallo Bauernhofentdecker! Du bist zwischen 5 und 12 Jahren alt und w\u00fcrdest mal gerne einen Tag auf einem Bauernhof verbringen? Mit uns den Pferdestall misten, den K\u00fchen Heu bringen, bei den H\u00fchnern K\u00f6rner streuen, und Eier absammeln, in den Strohberg h\u00fcpfen, im Sommer in unserem Badeteich schwimmen, mit den Zwergziegen spazieren gehen, in Spielen ganz viel \u00fcber Bauernh\u00f6fe erfahren und noch vieles mehr? Dann komm doch zu einem unserer Erlebnistage zu uns auf den Bauernhof und erlebe mit uns einen spannenden Tag voller Abwechslung ganz nah mit und in der Natur. Hier geht es zum Anmeldeformular TERMINE 2026 KOSTEN 39\u20ac pro Kind, plus 10\u20ac BIO-Mittagessen Anmeldeformular Hier noch ein paar Eindr\u00fccke von fr\u00fcheren Bauernhoftagen<\/p>\n","protected":false},"author":1,"featured_media":0,"parent":0,"menu_order":0,"comment_status":"closed","ping_status":"closed","template":"","meta":{"footnotes":""},"class_list":["post-932","page","type-page","status-publish","hentry"],"_links":{"self":[{"href":"https:\/\/biohof-silberberg.de\/index.php?rest_route=\/wp\/v2\/pages\/932","targetHints":{"allow":["GET"]}}],"collection":[{"href":"https:\/\/biohof-silberberg.de\/index.php?rest_route=\/wp\/v2\/pages"}],"about":[{"href":"https:\/\/biohof-silberberg.de\/index.php?rest_route=\/wp\/v2\/types\/page"}],"author":[{"embeddable":true,"href":"https:\/\/biohof-silberberg.de\/index.php?rest_route=\/wp\/v2\/users\/1"}],"replies":[{"embeddable":true,"href":"https:\/\/biohof-silberberg.de\/index.php?rest_route=%2Fwp%2Fv2%2Fcomments&post=932"}],"version-history":[{"count":5,"href":"https:\/\/biohof-silberberg.de\/index.php?rest_route=\/wp\/v2\/pages\/932\/revisions"}],"predecessor-version":[{"id":3519,"href":"https:\/\/biohof-silberberg.de\/index.php?rest_route=\/wp\/v2\/pages\/932\/revisions\/3519"}],"wp:attachment":[{"href":"https:\/\/biohof-silberberg.de\/index.php?rest_route=%2Fwp%2Fv2%2Fmedia&parent=932"}],"curies":[{"name":"wp","href":"https:\/\/api.w.org\/{rel}","templated":true}]}}