{"id":940,"date":"2025-04-06T20:23:18","date_gmt":"2025-04-06T18:23:18","guid":{"rendered":"https:\/\/biohof-silberberg.de\/?page_id=940"},"modified":"2025-09-26T10:16:28","modified_gmt":"2025-09-26T08:16:28","slug":"reitangebote","status":"publish","type":"page","link":"https:\/\/biohof-silberberg.de\/?page_id=940","title":{"rendered":"REITANGEBOTE"},"content":{"rendered":"\n<h3 class=\"wp-block-heading has-text-align-center\">Alle Preise findet ihr hier: <a href=\"https:\/\/biohof-silberberg.de\/wp-content\/uploads\/2025\/09\/Preisliste-2025.pdf\" data-type=\"attachment\" data-id=\"3430\">Preisliste<\/a><\/h3>\n\n\n\n<h5 class=\"wp-block-heading has-text-align-center\">F\u00fcr alle nachfolgenden Pferde-Angebote gilt eine Gewichtsgrenze von 80kg. Islandpferde sind eher kleinere Pferde und wir m\u00f6chten unsere Tiere m\u00f6glichst lange gesund erhalten. Vielen Dank f\u00fcr das Verst\u00e4ndnis!<\/h5>\n\n\n\n<h1 class=\"wp-block-heading\">Voltigieren<\/h1>\n\n\n\n<div class=\"wp-block-columns is-layout-flex wp-container-core-columns-is-layout-9d6595d7 wp-block-columns-is-layout-flex\">\n<div class=\"wp-block-column is-layout-flow wp-block-column-is-layout-flow\">\n<p>Im Voltigieren machen wir Turn\u00fcbungen auf dem laufenden Pferd. Freih\u00e4ndig sitzen, Knien im Trab, Stehen? Aber klar!<\/p>\n\n\n\n<p>Wer: alle Pferdebegeisterten ab Schulalter, die neben dem Voltigieren auch den Umgang mit Pferden lernen wollen.<\/p>\n\n\n\n<p>Wann: Mittwoch 14 Uhr (aktuell bestehende Gruppe), Gruppen bis zu vier Kindern.<\/p>\n<\/div>\n\n\n\n<div class=\"wp-block-column is-layout-flow wp-block-column-is-layout-flow\"><\/div>\n<\/div>\n\n\n\n<h1 class=\"wp-block-heading\">Longen Unterricht<\/h1>\n\n\n\n<p>In den Longenstunden werden alle Grundkentnisse zum Reiten vermittelt. Von Pferdepflege, Sitzschulung, die Hilfen erlernen bis zum freien Reiten wird hier alles geboten.<\/p>\n\n\n\n<p>Wer: gro\u00dfe und kleine Reitanf\u00e4nger, die das Reiten und die Pferdepflege von Grund auf lernen wollen, sowie Sitzschulungsinteressierte.<\/p>\n\n\n\n<p>Wann: individuell w\u00f6chentlich, in Zweiergruppen oder einzeln.<\/p>\n\n\n\n<h1 class=\"wp-block-heading\">Reitstunden<\/h1>\n\n\n\n<div class=\"wp-block-columns is-layout-flex wp-container-core-columns-is-layout-9d6595d7 wp-block-columns-is-layout-flex\">\n<div class=\"wp-block-column is-layout-flow wp-block-column-is-layout-flow\">\n<p>Dieses Angebot richtet sich an Reiter, die ihr Pferd bereits selbstst\u00e4ndig reiten k\u00f6nnen. Der Reitunterricht findet in unserer Ovalbahn oder bei schlechter Witterung in Form von Ausritten statt.<\/p>\n\n\n\n<p>Wer: Reiter ab Schulalter, die bereits selbstst\u00e4ndig reiten k\u00f6nnen.<\/p>\n\n\n\n<p>Wann: individuell w\u00f6chentlich, einzeln oder in Gruppen bis zu vier Reitern.<\/p>\n<\/div>\n\n\n\n<div class=\"wp-block-column is-layout-flow wp-block-column-is-layout-flow\"><\/div>\n<\/div>\n\n\n\n<h1 class=\"wp-block-heading\">Spazierritte<\/h1>\n\n\n\n<p>Einmal Pferdeluft schnuppern und das Reiten ausprobieren? Dann habt ihr hier das Richtige gefunden. Pferdepflege geh\u00f6rt hier nat\u00fcrlich dazu, dann gehen wir auf einen vom Boden aus gef\u00fchrten Ausritt.<\/p>\n\n\n\n<p>Wer: Reitanf\u00e4nger jeden Alters, die das Reiten ausprobieren m\u00f6chten oder wieder einsteigen wollen.<\/p>\n\n\n\n<p>Wann: nach individueller Terminabsprache.<\/p>\n\n\n\n<h1 class=\"wp-block-heading\">Ausritte<\/h1>\n\n\n\n<p>Lust, mal wieder Pferdeluft zu schnuppern und einen Ausritt (1-2 Stunden) auf unseren Isl\u00e4ndern durch den sch\u00f6nen Schwarzwald zu machen? Meldet euch gerne!<\/p>\n\n\n\n<p>Wer: Reiter, die selbstst\u00e4ndig reiten k\u00f6nnen sowie bis zu einem Reitanf\u00e4nger (dessen Pferd als Handpferd mitgenommen wird).<\/p>\n\n\n\n<p>Wann: nach individueller Terminabsprache.<\/p>\n\n\n\n<h1 class=\"wp-block-heading\">Tagesritte<\/h1>\n\n\n\n<p>Ihr m\u00f6chtet einen halben (ca. 9-13 Uhr) oder einen ganzen Tag (ca. 9-16 Uhr) auf dem Pferder\u00fccken verbringen? Dann ist das hier das Richtige!<\/p>\n\n\n\n<p>Wer: Reiter, die selbstst\u00e4ndig sicher reiten k\u00f6nnen (in allen Gangarten, Gel\u00e4ndesicher)<\/p>\n\n\n\n<p>Wann: nach individueller Terminabsprache. Halbtagesritte auch unter der Woche vormittags m\u00f6glich, Tagesritte nur an Wochenenden sowie in den Schulferien (Baden-W\u00fcrttemberg).<\/p>\n\n\n\n<h1 class=\"wp-block-heading\">Ponyf\u00fchren mit Annika<\/h1>\n\n\n\n<div class=\"wp-block-columns is-layout-flex wp-container-core-columns-is-layout-9d6595d7 wp-block-columns-is-layout-flex\">\n<div class=\"wp-block-column is-layout-flow wp-block-column-is-layout-flow\">\n<p>F\u00fcr alle die \u201eeinfach nur mal draufsitzen\u201c wollen oder sich regelm\u00e4\u00dfig den Kontakt mit Pferden w\u00fcnschen.<\/p>\n\n\n\n<p>Wer: Hier haben Kinder ab 2 Jahren und Erwachsene bis 80kg die M\u00f6glichkeit einen gef\u00fchrten Ausritt zu machen, bei dem nicht der Unterricht im Vordergrund steht sondern das unkomplizierte Reiten im Schritt und der Kontakt zum Pferd von oben. Bei Kindern, die sich noch nicht selbst halten k\u00f6nnen sollte ein Elternteil mitlaufen.<\/p>\n\n\n\n<p>Wann: die regelm\u00e4\u00dfigen Termine sind aktuell voll. Individuelle Einzeltermine nach Absprache. (es gibt eine Whatsapp Gruppe f\u00fcr spontan frei gewordene Termine, meldet euch f\u00fcr die Aufnahme bei Annika) Das Pony steht zu Beginn geputzt und gesattelt bereit. Es wird also wirklich 30 Minuten geritten und von oben gestreichelt ;-).<\/p>\n\n\n\n<p>Zeitrahmen 30 Minuten\/18\u20ac  <br>Handynummer: 015734284419&nbsp;&nbsp;&nbsp; <br>E-Mail: <a href=\"mailto:Annika.steiniger@gmx.de\">Annika.steiniger@gmx.de<\/a><br><\/p>\n<\/div>\n\n\n\n<div class=\"wp-block-column is-layout-flow wp-block-column-is-layout-flow\">\n<figure class=\"wp-block-image size-large is-resized\"><img loading=\"lazy\" decoding=\"async\" width=\"768\" height=\"1024\" src=\"https:\/\/biohof-silberberg.de\/wp-content\/uploads\/2025\/04\/Pferde-20241122_094559-768x1024.jpg\" alt=\"\" class=\"wp-image-3121\" style=\"width:auto;height:400px\" srcset=\"https:\/\/biohof-silberberg.de\/wp-content\/uploads\/2025\/04\/Pferde-20241122_094559-768x1024.jpg 768w, https:\/\/biohof-silberberg.de\/wp-content\/uploads\/2025\/04\/Pferde-20241122_094559-225x300.jpg 225w, https:\/\/biohof-silberberg.de\/wp-content\/uploads\/2025\/04\/Pferde-20241122_094559-1152x1536.jpg 1152w, https:\/\/biohof-silberberg.de\/wp-content\/uploads\/2025\/04\/Pferde-20241122_094559-1536x2048.jpg 1536w, https:\/\/biohof-silberberg.de\/wp-content\/uploads\/2025\/04\/Pferde-20241122_094559-1140x1520.jpg 1140w, https:\/\/biohof-silberberg.de\/wp-content\/uploads\/2025\/04\/Pferde-20241122_094559-scaled.jpg 1920w\" sizes=\"auto, (max-width: 768px) 100vw, 768px\" \/><\/figure>\n<\/div>\n<\/div>\n\n\n\n<p><\/p>\n\n\n\n<p class=\"has-text-align-center\">.<\/p>\n","protected":false},"excerpt":{"rendered":"<p>Alle Preise findet ihr hier: Preisliste F\u00fcr alle nachfolgenden Pferde-Angebote gilt eine Gewichtsgrenze von 80kg. Islandpferde sind eher kleinere Pferde und wir m\u00f6chten unsere Tiere m\u00f6glichst lange gesund erhalten. Vielen Dank f\u00fcr das Verst\u00e4ndnis! Voltigieren Im Voltigieren machen wir Turn\u00fcbungen auf dem laufenden Pferd. Freih\u00e4ndig sitzen, Knien im Trab, Stehen? Aber klar! Wer: alle Pferdebegeisterten ab Schulalter, die neben dem Voltigieren auch den Umgang mit Pferden lernen wollen. Wann: Mittwoch 14 Uhr (aktuell bestehende Gruppe), Gruppen bis zu vier Kindern. Longen Unterricht In den Longenstunden werden alle Grundkentnisse zum Reiten vermittelt. Von Pferdepflege, Sitzschulung, die Hilfen erlernen bis zum freien Reiten wird hier alles geboten. Wer: gro\u00dfe und kleine Reitanf\u00e4nger, die das Reiten und die Pferdepflege von Grund auf lernen wollen, sowie Sitzschulungsinteressierte. Wann: individuell w\u00f6chentlich, in Zweiergruppen oder einzeln. Reitstunden Dieses Angebot richtet sich an Reiter, die ihr Pferd bereits selbstst\u00e4ndig reiten k\u00f6nnen. Der Reitunterricht findet in unserer Ovalbahn oder bei schlechter Witterung in Form von Ausritten statt. Wer: Reiter ab Schulalter, die bereits selbstst\u00e4ndig reiten k\u00f6nnen. Wann: individuell w\u00f6chentlich, einzeln oder in Gruppen bis zu vier Reitern. Spazierritte Einmal Pferdeluft schnuppern und das Reiten ausprobieren? Dann habt ihr hier das Richtige gefunden. Pferdepflege geh\u00f6rt hier nat\u00fcrlich dazu, dann gehen wir auf einen vom Boden aus gef\u00fchrten Ausritt. Wer: Reitanf\u00e4nger jeden Alters, die das Reiten ausprobieren m\u00f6chten oder wieder einsteigen wollen. Wann: nach individueller Terminabsprache. Ausritte Lust, mal wieder Pferdeluft zu schnuppern und einen Ausritt (1-2 Stunden) auf unseren Isl\u00e4ndern durch den sch\u00f6nen Schwarzwald zu machen? Meldet euch gerne! Wer: Reiter, die selbstst\u00e4ndig reiten k\u00f6nnen sowie bis zu einem Reitanf\u00e4nger (dessen Pferd als Handpferd mitgenommen wird). Wann: nach individueller Terminabsprache. Tagesritte Ihr m\u00f6chtet einen halben (ca. 9-13 Uhr) oder einen ganzen Tag (ca. 9-16 Uhr) auf dem Pferder\u00fccken verbringen? Dann ist das hier das Richtige! Wer: Reiter, die selbstst\u00e4ndig sicher reiten k\u00f6nnen (in allen Gangarten, Gel\u00e4ndesicher) Wann: nach individueller Terminabsprache. Halbtagesritte auch unter der Woche vormittags m\u00f6glich, Tagesritte nur an Wochenenden sowie in den Schulferien (Baden-W\u00fcrttemberg). Ponyf\u00fchren mit Annika F\u00fcr alle die \u201eeinfach nur mal draufsitzen\u201c wollen oder sich regelm\u00e4\u00dfig den Kontakt mit Pferden w\u00fcnschen. Wer: Hier haben Kinder ab 2 Jahren und Erwachsene bis 80kg die M\u00f6glichkeit einen gef\u00fchrten Ausritt zu machen, bei dem nicht der Unterricht im Vordergrund steht sondern das unkomplizierte Reiten im Schritt und der Kontakt zum Pferd von oben. Bei Kindern, die sich noch nicht selbst halten k\u00f6nnen sollte ein Elternteil mitlaufen. Wann: die regelm\u00e4\u00dfigen Termine sind aktuell voll. Individuelle Einzeltermine nach Absprache. (es gibt eine Whatsapp Gruppe f\u00fcr spontan frei gewordene Termine, meldet euch f\u00fcr die Aufnahme bei Annika) Das Pony steht zu Beginn geputzt und gesattelt bereit. Es wird also wirklich 30 Minuten geritten und von oben gestreichelt ;-). Zeitrahmen 30 Minuten\/18\u20ac Handynummer: 015734284419&nbsp;&nbsp;&nbsp; E-Mail: Annika.steiniger@gmx.de .<\/p>\n","protected":false},"author":1,"featured_media":0,"parent":0,"menu_order":0,"comment_status":"closed","ping_status":"closed","template":"","meta":{"footnotes":""},"class_list":["post-940","page","type-page","status-publish","hentry"],"_links":{"self":[{"href":"https:\/\/biohof-silberberg.de\/index.php?rest_route=\/wp\/v2\/pages\/940","targetHints":{"allow":["GET"]}}],"collection":[{"href":"https:\/\/biohof-silberberg.de\/index.php?rest_route=\/wp\/v2\/pages"}],"about":[{"href":"https:\/\/biohof-silberberg.de\/index.php?rest_route=\/wp\/v2\/types\/page"}],"author":[{"embeddable":true,"href":"https:\/\/biohof-silberberg.de\/index.php?rest_route=\/wp\/v2\/users\/1"}],"replies":[{"embeddable":true,"href":"https:\/\/biohof-silberberg.de\/index.php?rest_route=%2Fwp%2Fv2%2Fcomments&post=940"}],"version-history":[{"count":12,"href":"https:\/\/biohof-silberberg.de\/index.php?rest_route=\/wp\/v2\/pages\/940\/revisions"}],"predecessor-version":[{"id":3452,"href":"https:\/\/biohof-silberberg.de\/index.php?rest_route=\/wp\/v2\/pages\/940\/revisions\/3452"}],"wp:attachment":[{"href":"https:\/\/biohof-silberberg.de\/index.php?rest_route=%2Fwp%2Fv2%2Fmedia&parent=940"}],"curies":[{"name":"wp","href":"https:\/\/api.w.org\/{rel}","templated":true}]}}